{"id":2115,"date":"2023-03-04T14:38:52","date_gmt":"2023-03-04T13:38:52","guid":{"rendered":"https:\/\/dreamapartments.pl\/?page_id=2115"},"modified":"2023-03-04T14:58:09","modified_gmt":"2023-03-04T13:58:09","slug":"polityka-prywatnosci-dream-apartamenst","status":"publish","type":"page","link":"https:\/\/dreamapartments.pl\/?page_id=2115","title":{"rendered":"Polityka Prywatno\u015bci"},"content":{"rendered":"\t\t<div data-elementor-type=\"wp-page\" data-elementor-id=\"2115\" class=\"elementor elementor-2115\">\n\t\t\t\t\t\t<section class=\"elementor-section elementor-top-section elementor-element elementor-element-10a496f8 elementor-section-content-top elementor-section-boxed elementor-section-height-default elementor-section-height-default\" data-id=\"10a496f8\" data-element_type=\"section\" data-settings=\"{&quot;background_background&quot;:&quot;classic&quot;}\">\n\t\t\t\t\t\t\t<div class=\"elementor-background-overlay\"><\/div>\n\t\t\t\t\t\t\t<div class=\"elementor-container elementor-column-gap-no\">\n\t\t\t\t\t<div class=\"elementor-column elementor-col-100 elementor-top-column elementor-element elementor-element-e851e27\" data-id=\"e851e27\" data-element_type=\"column\">\n\t\t\t<div class=\"elementor-widget-wrap elementor-element-populated\">\n\t\t\t\t\t\t<div class=\"elementor-element elementor-element-5776d213 elementor-view-default elementor-invisible elementor-widget elementor-widget-icon\" data-id=\"5776d213\" data-element_type=\"widget\" data-settings=\"{&quot;_animation&quot;:&quot;fadeInUp&quot;}\" data-widget_type=\"icon.default\">\n\t\t\t\t<div class=\"elementor-widget-container\">\n\t\t\t\t\t<div class=\"elementor-icon-wrapper\">\n\t\t\t<div class=\"elementor-icon\">\n\t\t\t\t\t\t\t<i class=\"fa fa-skyatlas\" aria-hidden=\"true\"><\/i>\n\t\t\t\t\t\t<\/div>\n\t\t<\/div>\n\t\t\t\t<\/div>\n\t\t\t\t<\/div>\n\t\t\t\t<div class=\"elementor-element elementor-element-e5af528 elementor-invisible elementor-widget elementor-widget-heading\" data-id=\"e5af528\" data-element_type=\"widget\" data-settings=\"{&quot;_animation&quot;:&quot;fadeIn&quot;}\" data-widget_type=\"heading.default\">\n\t\t\t\t<div class=\"elementor-widget-container\">\n\t\t\t<h2 class=\"elementor-heading-title elementor-size-xxl\">Polityki prywatno\u015bci i stosowania plik\u00f3w cookies<\/h2>\t\t<\/div>\n\t\t\t\t<\/div>\n\t\t\t\t<div class=\"elementor-element elementor-element-47647ceb elementor-widget elementor-widget-spacer\" data-id=\"47647ceb\" data-element_type=\"widget\" data-widget_type=\"spacer.default\">\n\t\t\t\t<div class=\"elementor-widget-container\">\n\t\t\t\t\t<div class=\"elementor-spacer\">\n\t\t\t<div class=\"elementor-spacer-inner\"><\/div>\n\t\t<\/div>\n\t\t\t\t<\/div>\n\t\t\t\t<\/div>\n\t\t\t\t<div class=\"elementor-element elementor-element-5d8af62a elementor-widget elementor-widget-spacer\" data-id=\"5d8af62a\" data-element_type=\"widget\" data-widget_type=\"spacer.default\">\n\t\t\t\t<div class=\"elementor-widget-container\">\n\t\t\t\t\t<div class=\"elementor-spacer\">\n\t\t\t<div class=\"elementor-spacer-inner\"><\/div>\n\t\t<\/div>\n\t\t\t\t<\/div>\n\t\t\t\t<\/div>\n\t\t\t\t<div class=\"elementor-element elementor-element-1840db34 elementor-widget elementor-widget-text-editor\" data-id=\"1840db34\" data-element_type=\"widget\" data-widget_type=\"text-editor.default\">\n\t\t\t\t<div class=\"elementor-widget-container\">\n\t\t\t\t\t\t\t<div class=\"document-page\" data-page=\"1\">\n<div class=\"pdf-page\">\n<div class=\"text-wrapper user-select-text\">\n<div data-canvas-width=\"12\">1. Niniejsza Polityka Prywatno\u015bci okre\u015bla zasady przetwarzania i ochrony danych osobowych&nbsp;<span style=\"font-size: 1rem;\">przekazanych przez u\u017cytkownik\u00f3w w zwi\u0105zku z korzystaniem przez nich z us\u0142ug oferowanych<\/span><\/div>\n<div data-canvas-width=\"366.1979999999999\">przez serwis internetowy Dream Apartments (dalej: Serwis)<\/div><div data-canvas-width=\"366.1979999999999\"><br><\/div>\n<div data-canvas-width=\"12\">2.&nbsp; Administratorem danych osobowych zawartych w Serwisie jest<\/div>\n<div data-canvas-width=\"184.26800000000003\">Property Partners \u0141\u00f3d\u017a Sp.&nbsp;<span style=\"font-size: 1rem;\">z o.o.<\/span><\/div>\n<div data-canvas-width=\"316.42799999999994\">wpisan\u0105 do rejestru przedsi\u0119biorc\u00f3w pod numerem&nbsp;<\/div>\n<div data-canvas-width=\"316.42799999999994\"><span style=\"font-size: 1rem;\">NIP: 7282842497&nbsp;<\/span><span style=\"font-size: 1rem;\">(dalej:&nbsp;<\/span><span style=\"font-size: 1rem;\">Administrator).<\/span><\/div><div data-canvas-width=\"316.42799999999994\"><span style=\"font-size: 1rem;\"><br><\/span><\/div>\n<div data-canvas-width=\"11.606000000000002\">3.&nbsp;<span style=\"font-size: 1rem; color: var(--ast-global-color-3);\">W trosce o bezpiecze\u0144stwo powierzonych danych osobowych Administrator dzia\u0142a w oparciu&nbsp;<\/span><span style=\"font-size: 1rem;\">o wewn\u0119trzne procedury i zalecenia, zgodne z odpowiednimi aktami prawnymi w zakresie&nbsp;<\/span><span style=\"font-size: 1rem;\">ochrony danych osobowych, a w szczeg\u00f3lno\u015bci z Rozporz\u0105dzeniem Parlamentu Europejskiego&nbsp;<\/span><span style=\"font-size: 1rem;\">i Rady (UE) 2016\/679 z dnia 27 kwietnia 2016 r. w sprawie ochrony os\u00f3b fizycznych w zwi\u0105zku&nbsp;<\/span><span style=\"font-size: 1rem;\">z przetwarzaniem danych osobowych i w sprawie swobodnego przep\u0142ywu takich danych oraz&nbsp;<\/span><span style=\"font-size: 1rem;\">uchylenia dyrektywy 95\/46 WE.<\/span><\/div><div data-canvas-width=\"11.606000000000002\"><span style=\"font-size: 1rem;\"><br><\/span><\/div>\n<div data-canvas-width=\"11.606000000000002\">4.&nbsp;<span style=\"font-size: 1rem; color: var(--ast-global-color-3);\">Administrator dok\u0142ada szczeg\u00f3lnej staranno\u015bci w celu ochrony interes\u00f3w os\u00f3b, kt\u00f3rych dane&nbsp;<\/span><span style=\"font-size: 1rem;\">dotycz\u0105, a w szczeg\u00f3lno\u015bci zapewnia, i\u017c dane osobowe s\u0105:<\/span><\/div>\n<p>a.&nbsp;<span style=\"font-size: 1rem; color: var(--ast-global-color-3);\">przetwarzane zgodnie z prawem;<\/span><\/p>\n<p>b.&nbsp;<span style=\"font-size: 1rem; color: var(--ast-global-color-3);\">zbierane dla oznaczonych, zgodnych z prawem cel\u00f3w<\/span><\/p><p><span style=\"font-size: 1rem; color: var(--ast-global-color-3);\">&nbsp;i niepoddawane dalszemu&nbsp;<\/span><span style=\"font-style: inherit; font-weight: inherit;\">przetwarzaniu niezgodnemu z tymi celami;<\/span><\/p>\n<p>c.&nbsp;<span style=\"font-size: 1rem; color: var(--ast-global-color-3);\">merytorycznie poprawne i adekwatne w stosunku do cel\u00f3w, w jakich s\u0105 przetwarzane;<\/span><\/p>\n<p>d.&nbsp;<span style=\"font-size: 1rem; color: var(--ast-global-color-3);\">przechowywane w postaci umo\u017cliwiaj\u0105cej identyfikacj\u0119 os\u00f3b, kt\u00f3rych dotycz\u0105, nie&nbsp;<\/span><span style=\"font-style: inherit; font-weight: inherit;\">d\u0142u\u017cej ni\u017c jest to niezb\u0119dne do osi\u0105gni\u0119cia celu przetwarzania.<\/span><\/p><p><span style=\"font-style: inherit; font-weight: inherit;\"><br><\/span><\/p>\n<div data-canvas-width=\"11.606000000000002\">5.&nbsp;<span style=\"font-size: 1rem; color: var(--ast-global-color-3);\">Dane osobowe przetwarzane s\u0105 na podstawie zgody wyra\u017canej przez u\u017cytkownik\u00f3w Serwisu&nbsp;<\/span><span style=\"font-size: 1rem;\">oraz w przypadkach, w kt\u00f3rych przepisy obowi\u0105zuj\u0105cego prawa upowa\u017cniaj\u0105 Administratora do<\/span><\/div>\n<div data-canvas-width=\"213.79399999999998\">przetwarzania danych osobowych.<\/div><div data-canvas-width=\"213.79399999999998\"><br><\/div>\n<div data-canvas-width=\"11.606000000000002\">6.&nbsp;<span style=\"font-size: 1rem; color: var(--ast-global-color-3);\">Administrator przetwarza dobrowolnie podane przez u\u017cytkownik\u00f3w Serwisu dane osobowe,&nbsp;<\/span><span style=\"font-size: 1rem;\">jedynie w celu:<\/span><\/div>\n<div data-canvas-width=\"11.606000000000002\">a.&nbsp;<span style=\"font-size: 1rem; color: var(--ast-global-color-3);\">udzielania odpowiedzi na zapytania u\u017cytkownik\u00f3w kierowane przy u\u017cyciu formularza&nbsp;<\/span><span style=\"font-size: 1rem;\">kontaktowego,<\/span><\/div>\n<div data-canvas-width=\"11.606000000000002\">b.&nbsp;<span style=\"font-size: 1rem; color: var(--ast-global-color-3);\">przyj\u0119cia rezerwacji przy u\u017cyciu systemu rezerwacji online,<\/span><\/div>\n<div data-canvas-width=\"10.808\">c.&nbsp;<span style=\"font-size: 1rem; color: var(--ast-global-color-3);\">realizacji us\u0142ug \u015bwiadczonych przez Administratora na podstawie Art.<\/span><span style=\"font-size: 1rem; color: var(--ast-global-color-3);\">&nbsp;6 ust. 1 lit. b)&nbsp;<\/span><span style=\"font-size: 1rem;\">RODO,<\/span><\/div>\n<div><span style=\"font-size: 1rem;\">d.&nbsp;<\/span><span style=\"font-size: 1rem; color: var(--ast-global-color-3);\">realizacji uzasadnionego interesu Administratora danych osobowych w szczeg\u00f3lnych&nbsp;<\/span><span style=\"font-size: 1rem;\">przypadkach na podstawie Art. 6 ust. 1 lit. f) RODO np. windykacji, czy monitorowania&nbsp;<\/span><span style=\"font-size: 1rem;\">wizyjnego ruchu na terenie Obiektu.<\/span><\/div><div><span style=\"font-size: 1rem;\"><br><\/span><\/div>\n<\/div>\n<\/div>\n<\/div>\n<div class=\"document-page\" data-page=\"2\">\n<div class=\"pdf-page\">\n<div class=\"text-wrapper user-select-text\">\n<div data-canvas-width=\"11.606000000000002\">7.&nbsp;<span style=\"font-size: 1rem;\">Odbiorcami danych osobowych mog\u0105 by\u0107 organy, instytucje oraz podmioty uprawnione na&nbsp;<\/span><span style=\"font-size: 1rem;\">mocy przepis\u00f3w prawa, a tak\u017ce podmioty \u015bwiadcz\u0105ce us\u0142ugi na rzecz Administratora danych<\/span><\/div>\n<div data-canvas-width=\"592.5080000000008\">(np. obs\u0142uga prawna, IT, marketingowa, ksi\u0119gowa oraz inne podmioty uczestnicz\u0105ce w realizacji&nbsp;<span style=\"font-size: 1rem;\">zam\u00f3wionej us\u0142ugi.<\/span><\/div><div data-canvas-width=\"592.5080000000008\"><span style=\"font-size: 1rem;\"><br><\/span><\/div>\n<div data-canvas-width=\"11.606000000000002\">8.&nbsp;<span style=\"font-size: 1rem;\">Do przetwarzanych przez Administratora danych przys\u0142uguje wgl\u0105d u\u017cytkownikowi Serwisu,&nbsp;<\/span><span style=\"font-size: 1rem;\">kt\u00f3ry je przekaza\u0142. U\u017cytkownik ma r\u00f3wnie\u017c prawo do modyfikacji tych danych, \u017c\u0105dania ich&nbsp;<\/span><span style=\"font-size: 1rem;\">usuni\u0119cia oraz ograniczenia lub zaprzestania przetwarzania swoich danych osobowych w&nbsp;<\/span><span style=\"font-size: 1rem;\">dowolnym momencie. W dowolnym momencie u\u017cytkownik mo\u017ce r\u00f3wnie\u017c \u017c\u0105da\u0107 usuni\u0119cia&nbsp;<\/span><span style=\"font-size: 1rem;\">swoich danych osobowych z serwisu. Prawo do przeniesienia danych nie ma zastosowania,&nbsp;<\/span><span style=\"font-size: 1rem;\">poniewa\u017c nie zosta\u0142 ustalony standard wymiany takich danych pomi\u0119dzy obiektami hotelowymi.<\/span><\/div><div data-canvas-width=\"11.606000000000002\"><span style=\"font-size: 1rem;\"><br><\/span><\/div>\n<div data-canvas-width=\"11.606000000000002\">9.&nbsp;<span style=\"font-size: 1rem;\">U\u017cytkownik Serwisu ma prawo do cofni\u0119cia zgody w dowolnym momencie bez wp\u0142ywu na&nbsp;<\/span><span style=\"font-size: 1rem;\">zgodno\u015b\u0107 z prawem przetwarzania, kt\u00f3rego dokonano na podstawie zgody przed jej cofni\u0119ciem.<\/span><\/div><div data-canvas-width=\"11.606000000000002\"><span style=\"font-size: 1rem;\"><br><\/span><\/div>\n<div data-canvas-width=\"20\">10.&nbsp;<span style=\"font-size: 1rem;\">W celu wykonania swoich praw wskazanych w pkt. 8 powy\u017cej u\u017cytkownik Serwisu powinien&nbsp;<\/span><span style=\"font-size: 1rem;\">skontaktowa\u0107 si\u0119 z Administratorem korzystaj\u0105c z tego samego adresu email lub numeru&nbsp;<\/span><span style=\"font-size: 1rem;\">telefonu przekazanego do Serwisu, kontaktuj\u0105c si\u0119 na&nbsp;<\/span><span style=\"font-size: 1rem;\">adres&nbsp;<\/span><span style=\"font-size: 1rem;\">rezerwacje@dreamapartments.pl<\/span><\/div><div data-canvas-width=\"20\"><span style=\"font-size: 1rem;\"><br><\/span><\/div>\n<div data-canvas-width=\"18.410000000000004\">11.&nbsp;<span style=\"font-size: 1rem;\">Ka\u017cdy u\u017cytkownik serwisu mo\u017ce wnie\u015b\u0107 skarg\u0119 do Urz\u0119du Ochrony Danych Osobowych.<\/span><\/div><div data-canvas-width=\"18.410000000000004\"><span style=\"font-size: 1rem;\"><br><\/span><\/div>\n<div data-canvas-width=\"19.46\">12.&nbsp;<span style=\"font-size: 1rem;\">Administrator realizuje funkcje pozyskiwania informacji o u\u017cytkownikach i ich zachowaniach&nbsp;<\/span><span style=\"font-size: 1rem;\">w nast\u0119puj\u0105cy spos\u00f3b:<\/span><\/div>\n<div data-canvas-width=\"11.606000000000002\">a.&nbsp;<span style=\"font-size: 1rem;\">poprzez dobrowolnie wprowadzenie informacji w formularzach,<\/span><\/div><div data-canvas-width=\"11.606000000000002\"><span style=\"font-size: 1rem;\"><br><\/span><\/div>\n<div data-canvas-width=\"19.46\">13.&nbsp;<span style=\"font-size: 1rem;\">Administrator zastrzega sobie prawo do zmiany w polityce prywatno\u015bci serwisu, co mo\u017ce&nbsp;<\/span><span style=\"font-size: 1rem;\">zosta\u0107 spowodowane przez rozw\u00f3j technologii internetowej, ewentualne zmiany prawa w<\/span><\/div>\n<div data-canvas-width=\"571.4380000000006\">zakresie ochrony danych osobowych oraz rozw\u00f3j Serwisu.&nbsp;<\/div>\n<div data-canvas-width=\"571.4380000000006\">O wszelkich zmianach b\u0119dziemy&nbsp;<span style=\"font-size: 1rem;\">informowa\u0107 u\u017cytkownik\u00f3w w spos\u00f3b widoczny i zrozumia\u0142y.<\/span><\/div>\n<\/div>\n<\/div>\n<\/div>\t\t\t\t\t\t<\/div>\n\t\t\t\t<\/div>\n\t\t\t\t\t<\/div>\n\t\t<\/div>\n\t\t\t\t\t<\/div>\n\t\t<\/section>\n\t\t\t\t<\/div>\n\t\t","protected":false},"excerpt":{"rendered":"<p>Polityki prywatno\u015bci i stosowania plik\u00f3w cookies 1. Niniejsza Polityka Prywatno\u015bci okre\u015bla zasady przetwarzania i ochrony danych osobowych&nbsp;przekazanych przez u\u017cytkownik\u00f3w w zwi\u0105zku z korzystaniem przez nich z us\u0142ug oferowanych przez serwis internetowy Dream Apartments (dalej: Serwis) 2.&nbsp; Administratorem danych osobowych zawartych w Serwisie jest Property Partners \u0141\u00f3d\u017a Sp.&nbsp;z o.o. wpisan\u0105 do rejestru przedsi\u0119biorc\u00f3w pod numerem&nbsp; NIP: &hellip;<\/p>\n<p class=\"read-more\"> <a class=\"\" href=\"https:\/\/dreamapartments.pl\/?page_id=2115\"> <span class=\"screen-reader-text\">Polityka Prywatno\u015bci<\/span> Read More &raquo;<\/a><\/p>\n","protected":false},"author":1,"featured_media":0,"parent":0,"menu_order":0,"comment_status":"closed","ping_status":"closed","template":"","meta":{"site-sidebar-layout":"no-sidebar","site-content-layout":"page-builder","ast-global-header-display":"","ast-main-header-display":"","ast-hfb-above-header-display":"","ast-hfb-below-header-display":"","ast-hfb-mobile-header-display":"","site-post-title":"disabled","ast-breadcrumbs-content":"","ast-featured-img":"disabled","footer-sml-layout":"","theme-transparent-header-meta":"","adv-header-id-meta":"","stick-header-meta":"","header-above-stick-meta":"","header-main-stick-meta":"","header-below-stick-meta":"","footnotes":""},"class_list":["post-2115","page","type-page","status-publish","hentry"],"yoast_head":"<!-- This site is optimized with the Yoast SEO plugin v23.9 - https:\/\/yoast.com\/wordpress\/plugins\/seo\/ -->\n<title>Polityka Prywatno\u015bci - Dream Apartments<\/title>\n<meta name=\"description\" content=\"Polityka Prywatno\u015bci - Dream Apartamenst.\" \/>\n<meta name=\"robots\" content=\"index, follow, max-snippet:-1, max-image-preview:large, max-video-preview:-1\" \/>\n<link rel=\"canonical\" href=\"https:\/\/dreamapartments.pl\/?page_id=2115\" \/>\n<meta property=\"og:locale\" content=\"pl_PL\" \/>\n<meta property=\"og:type\" content=\"article\" \/>\n<meta property=\"og:title\" content=\"Polityka Prywatno\u015bci - Dream Apartments\" \/>\n<meta property=\"og:description\" content=\"Polityka Prywatno\u015bci - Dream Apartamenst.\" \/>\n<meta property=\"og:url\" content=\"https:\/\/dreamapartments.pl\/?page_id=2115\" \/>\n<meta property=\"og:site_name\" content=\"Dream Apartments\" \/>\n<meta property=\"article:modified_time\" content=\"2023-03-04T13:58:09+00:00\" \/>\n<meta name=\"twitter:card\" content=\"summary_large_image\" \/>\n<meta name=\"twitter:label1\" content=\"Szacowany czas czytania\" \/>\n\t<meta name=\"twitter:data1\" content=\"4 minuty\" \/>\n<script type=\"application\/ld+json\" class=\"yoast-schema-graph\">{\"@context\":\"https:\/\/schema.org\",\"@graph\":[{\"@type\":\"WebPage\",\"@id\":\"https:\/\/dreamapartments.pl\/?page_id=2115\",\"url\":\"https:\/\/dreamapartments.pl\/?page_id=2115\",\"name\":\"Polityka Prywatno\u015bci - Dream Apartments\",\"isPartOf\":{\"@id\":\"https:\/\/dreamapartments.pl\/#website\"},\"datePublished\":\"2023-03-04T13:38:52+00:00\",\"dateModified\":\"2023-03-04T13:58:09+00:00\",\"description\":\"Polityka Prywatno\u015bci - Dream Apartamenst.\",\"breadcrumb\":{\"@id\":\"https:\/\/dreamapartments.pl\/?page_id=2115#breadcrumb\"},\"inLanguage\":\"pl-PL\",\"potentialAction\":[{\"@type\":\"ReadAction\",\"target\":[\"https:\/\/dreamapartments.pl\/?page_id=2115\"]}]},{\"@type\":\"BreadcrumbList\",\"@id\":\"https:\/\/dreamapartments.pl\/?page_id=2115#breadcrumb\",\"itemListElement\":[{\"@type\":\"ListItem\",\"position\":1,\"name\":\"Home\",\"item\":\"https:\/\/dreamapartments.pl\/\"},{\"@type\":\"ListItem\",\"position\":2,\"name\":\"Polityka Prywatno\u015bci\"}]},{\"@type\":\"WebSite\",\"@id\":\"https:\/\/dreamapartments.pl\/#website\",\"url\":\"https:\/\/dreamapartments.pl\/\",\"name\":\"Dream Apartments\",\"description\":\"Noclegi w centrum \u0141odzi - Dream Apartments\",\"publisher\":{\"@id\":\"https:\/\/dreamapartments.pl\/#organization\"},\"potentialAction\":[{\"@type\":\"SearchAction\",\"target\":{\"@type\":\"EntryPoint\",\"urlTemplate\":\"https:\/\/dreamapartments.pl\/?s={search_term_string}\"},\"query-input\":{\"@type\":\"PropertyValueSpecification\",\"valueRequired\":true,\"valueName\":\"search_term_string\"}}],\"inLanguage\":\"pl-PL\"},{\"@type\":\"Organization\",\"@id\":\"https:\/\/dreamapartments.pl\/#organization\",\"name\":\"Dream Apartments\",\"url\":\"https:\/\/dreamapartments.pl\/\",\"logo\":{\"@type\":\"ImageObject\",\"inLanguage\":\"pl-PL\",\"@id\":\"https:\/\/dreamapartments.pl\/#\/schema\/logo\/image\/\",\"url\":\"https:\/\/dreamapartments.pl\/wp-content\/uploads\/2022\/08\/Logo.png\",\"contentUrl\":\"https:\/\/dreamapartments.pl\/wp-content\/uploads\/2022\/08\/Logo.png\",\"width\":187,\"height\":37,\"caption\":\"Dream Apartments\"},\"image\":{\"@id\":\"https:\/\/dreamapartments.pl\/#\/schema\/logo\/image\/\"}}]}<\/script>\n<!-- \/ Yoast SEO plugin. -->","yoast_head_json":{"title":"Polityka Prywatno\u015bci - Dream Apartments","description":"Polityka Prywatno\u015bci - Dream Apartamenst.","robots":{"index":"index","follow":"follow","max-snippet":"max-snippet:-1","max-image-preview":"max-image-preview:large","max-video-preview":"max-video-preview:-1"},"canonical":"https:\/\/dreamapartments.pl\/?page_id=2115","og_locale":"pl_PL","og_type":"article","og_title":"Polityka Prywatno\u015bci - Dream Apartments","og_description":"Polityka Prywatno\u015bci - Dream Apartamenst.","og_url":"https:\/\/dreamapartments.pl\/?page_id=2115","og_site_name":"Dream Apartments","article_modified_time":"2023-03-04T13:58:09+00:00","twitter_card":"summary_large_image","twitter_misc":{"Szacowany czas czytania":"4 minuty"},"schema":{"@context":"https:\/\/schema.org","@graph":[{"@type":"WebPage","@id":"https:\/\/dreamapartments.pl\/?page_id=2115","url":"https:\/\/dreamapartments.pl\/?page_id=2115","name":"Polityka Prywatno\u015bci - Dream Apartments","isPartOf":{"@id":"https:\/\/dreamapartments.pl\/#website"},"datePublished":"2023-03-04T13:38:52+00:00","dateModified":"2023-03-04T13:58:09+00:00","description":"Polityka Prywatno\u015bci - Dream Apartamenst.","breadcrumb":{"@id":"https:\/\/dreamapartments.pl\/?page_id=2115#breadcrumb"},"inLanguage":"pl-PL","potentialAction":[{"@type":"ReadAction","target":["https:\/\/dreamapartments.pl\/?page_id=2115"]}]},{"@type":"BreadcrumbList","@id":"https:\/\/dreamapartments.pl\/?page_id=2115#breadcrumb","itemListElement":[{"@type":"ListItem","position":1,"name":"Home","item":"https:\/\/dreamapartments.pl\/"},{"@type":"ListItem","position":2,"name":"Polityka Prywatno\u015bci"}]},{"@type":"WebSite","@id":"https:\/\/dreamapartments.pl\/#website","url":"https:\/\/dreamapartments.pl\/","name":"Dream Apartments","description":"Noclegi w centrum \u0141odzi - Dream Apartments","publisher":{"@id":"https:\/\/dreamapartments.pl\/#organization"},"potentialAction":[{"@type":"SearchAction","target":{"@type":"EntryPoint","urlTemplate":"https:\/\/dreamapartments.pl\/?s={search_term_string}"},"query-input":{"@type":"PropertyValueSpecification","valueRequired":true,"valueName":"search_term_string"}}],"inLanguage":"pl-PL"},{"@type":"Organization","@id":"https:\/\/dreamapartments.pl\/#organization","name":"Dream Apartments","url":"https:\/\/dreamapartments.pl\/","logo":{"@type":"ImageObject","inLanguage":"pl-PL","@id":"https:\/\/dreamapartments.pl\/#\/schema\/logo\/image\/","url":"https:\/\/dreamapartments.pl\/wp-content\/uploads\/2022\/08\/Logo.png","contentUrl":"https:\/\/dreamapartments.pl\/wp-content\/uploads\/2022\/08\/Logo.png","width":187,"height":37,"caption":"Dream Apartments"},"image":{"@id":"https:\/\/dreamapartments.pl\/#\/schema\/logo\/image\/"}}]}},"_links":{"self":[{"href":"https:\/\/dreamapartments.pl\/index.php?rest_route=\/wp\/v2\/pages\/2115","targetHints":{"allow":["GET"]}}],"collection":[{"href":"https:\/\/dreamapartments.pl\/index.php?rest_route=\/wp\/v2\/pages"}],"about":[{"href":"https:\/\/dreamapartments.pl\/index.php?rest_route=\/wp\/v2\/types\/page"}],"author":[{"embeddable":true,"href":"https:\/\/dreamapartments.pl\/index.php?rest_route=\/wp\/v2\/users\/1"}],"replies":[{"embeddable":true,"href":"https:\/\/dreamapartments.pl\/index.php?rest_route=%2Fwp%2Fv2%2Fcomments&post=2115"}],"version-history":[{"count":4,"href":"https:\/\/dreamapartments.pl\/index.php?rest_route=\/wp\/v2\/pages\/2115\/revisions"}],"predecessor-version":[{"id":2124,"href":"https:\/\/dreamapartments.pl\/index.php?rest_route=\/wp\/v2\/pages\/2115\/revisions\/2124"}],"wp:attachment":[{"href":"https:\/\/dreamapartments.pl\/index.php?rest_route=%2Fwp%2Fv2%2Fmedia&parent=2115"}],"curies":[{"name":"wp","href":"https:\/\/api.w.org\/{rel}","templated":true}]}}